{"id":75,"date":"2018-03-28T10:32:19","date_gmt":"2018-03-28T08:32:19","guid":{"rendered":"http:\/\/champagnearnaudmoreau.com\/?page_id=75"},"modified":"2020-11-03T18:33:53","modified_gmt":"2020-11-03T17:33:53","slug":"cuvees-prestiges","status":"publish","type":"page","link":"https:\/\/champagnearnaudmoreau.com\/?page_id=75","title":{"rendered":"Cuv\u00e9es Prestiges"},"content":{"rendered":"<figure id=\"attachment_80\" aria-describedby=\"caption-attachment-80\" style=\"width: 300px\" class=\"wp-caption alignnone\"><img loading=\"lazy\" decoding=\"async\" class=\"wp-image-80 size-medium\" src=\"https:\/\/champagnearnaudmoreau.com\/wp-content\/uploads\/2018\/03\/ARRAKIS1-300x200.jpeg\" alt=\"\" width=\"300\" height=\"200\" srcset=\"https:\/\/champagnearnaudmoreau.com\/wp-content\/uploads\/2018\/03\/ARRAKIS1-300x200.jpeg 300w, https:\/\/champagnearnaudmoreau.com\/wp-content\/uploads\/2018\/03\/ARRAKIS1-768x512.jpeg 768w, https:\/\/champagnearnaudmoreau.com\/wp-content\/uploads\/2018\/03\/ARRAKIS1-1024x683.jpeg 1024w, https:\/\/champagnearnaudmoreau.com\/wp-content\/uploads\/2018\/03\/ARRAKIS1.jpeg 1280w\" sizes=\"auto, (max-width: 300px) 100vw, 300px\" \/><figcaption id=\"caption-attachment-80\" class=\"wp-caption-text\">Cuv\u00e9e Arrakis &#8211; Brut Z\u00e9ro<\/figcaption><\/figure>\n<p style=\"text-align: left;\">\u00ab\u00a0Nez complexe, d&rsquo;une grande fra\u00eecheur aromatique, exhalant de d\u00e9licates notes de fleurs et de fruits fra\u00eechement cueillis. La bouche est une pure sensation gustative, un vrai frisson pour les papilles! Fine et \u00e9l\u00e9gante, elle se r\u00e9v\u00e8le nette et tranchante, puis longue gr\u00e2ce \u00e0 une l\u00e9g\u00e8re amertume tapissante. L&rsquo;ensemble est nerveux et \u00e9nergique, avec une magnifique acidit\u00e9, parfait support pour les ar\u00f4mes de mirabelle, de citron et de zeste d&rsquo;orange sanguine. Un champagne libre, \u00e0 la personnalit\u00e9 affirm\u00e9e.\u00a0\u00bb<\/p>\n<p style=\"text-align: left;\">BOUTEILLE &amp; MAGNUM<br \/>\n70% Pinot Noir &#8211; 30% Chardonnay<br \/>\nGRAND CRU<br \/>\nDosage : 0g\/l &#8211; BRUT Z\u00e9ro<\/p>\n<p style=\"text-align: left;\">Mise en bouteille : 2009<\/p>\n<hr \/>\n<figure id=\"attachment_81\" aria-describedby=\"caption-attachment-81\" style=\"width: 300px\" class=\"wp-caption alignnone\"><img loading=\"lazy\" decoding=\"async\" class=\"wp-image-81 size-medium\" src=\"https:\/\/champagnearnaudmoreau.com\/wp-content\/uploads\/2018\/03\/22688089_638060393249561_6871294210045055781_n-300x199.jpg\" alt=\"\" width=\"300\" height=\"199\" srcset=\"https:\/\/champagnearnaudmoreau.com\/wp-content\/uploads\/2018\/03\/22688089_638060393249561_6871294210045055781_n-300x199.jpg 300w, https:\/\/champagnearnaudmoreau.com\/wp-content\/uploads\/2018\/03\/22688089_638060393249561_6871294210045055781_n.jpg 720w\" sizes=\"auto, (max-width: 300px) 100vw, 300px\" \/><figcaption id=\"caption-attachment-81\" class=\"wp-caption-text\">Cuv\u00e9e Odyss\u00e9e &#8211; Mill\u00e9sime 2004 &#8211; Brut Z\u00e9ro<\/figcaption><\/figure>\n<p style=\"text-align: left;\">\u00ab\u00a0La robe est dor\u00e9e \u00e0 souhait, chatoyante et lumineuse. L&rsquo;\u00e9clat chromatique s&rsquo;ouvre sur un nez \u00e9tincelant de parfums. Les effluves de fruits m\u00fbrs s\u2019entrem\u00ealent avec de nobles senteurs de cuir. Puis les ar\u00f4mes d&rsquo;agrumes montent et s&rsquo;installent. L&rsquo;approche olfactive est \u00e0 la fois g\u00e9n\u00e9reuse et vivifiante. La bouche est \u00e0 l&rsquo;avenant. Elle est tout d&rsquo;abord ample et charnue. Elle montre une maturit\u00e9 parfaite sur des notes de poire juteuse. Le vin a pris une patine tr\u00e8s noble, avec ses notes de fleurs s\u00e9ch\u00e9es et de biscuit frais. La finale a une p\u00eache d&rsquo;enfer. Joliment structur\u00e9e et \u00e0 la puissance contenue, elle laisse s&rsquo;exprimer une fine amertume (rhubarbe, zestes d&rsquo;orange). L&rsquo;ensemble est rehauss\u00e9 par une magnifique acidit\u00e9, tapissant le palais d&rsquo;une sensation irr\u00e9sistiblement tonique.\u00a0\u00bb<\/p>\n<p style=\"text-align: left;\">BOUTEILLE<br \/>\n50% Pinot Noir &#8211; 50% Chardonnay<br \/>\nMill\u00e9sime 2004 &#8211; GRAND CRU<br \/>\nDosage : 1g\/l &#8211; BRUT Z\u00e9ro<\/p>\n<p style=\"text-align: left;\">Mise en bouteille : 2005<\/p>\n<hr \/>\n<figure id=\"attachment_318\" aria-describedby=\"caption-attachment-318\" style=\"width: 270px\" class=\"wp-caption alignnone\"><a href=\"_wp_link_placeholder\" data-wplink-edit=\"true\"><img loading=\"lazy\" decoding=\"async\" class=\"wp-image-318 size-medium\" src=\"https:\/\/champagnearnaudmoreau.com\/wp-content\/uploads\/2019\/02\/AP-MOREAU2copie-270x300.jpg\" alt=\"\" width=\"270\" height=\"300\" srcset=\"https:\/\/champagnearnaudmoreau.com\/wp-content\/uploads\/2019\/02\/AP-MOREAU2copie-270x300.jpg 270w, https:\/\/champagnearnaudmoreau.com\/wp-content\/uploads\/2019\/02\/AP-MOREAU2copie.jpg 702w\" sizes=\"auto, (max-width: 270px) 100vw, 270px\" \/><\/a><figcaption id=\"caption-attachment-318\" class=\"wp-caption-text\">Cuv\u00e9e Erynn &#8211; Blanc de Blancs &#8211; Extra Brut &#8211; num\u00e9rot\u00e9e \/2300<\/figcaption><\/figure>\n<p style=\"text-align: left;\">\u00ab\u00a0Le parfum est mod\u00e9r\u00e9, remarquablement fin, subtil et nuanc\u00e9. Les ar\u00f4mes sont harmonie : la fleur blanche, la mandarine presque imperceptible, raffin\u00e9e, se fondent dans des senteurs envo\u00fbtantes.Quelques fruits blancs se frottent au relief perceptible de la texture crayeuse et lib\u00e8rent leur jus suave.<br \/>\nLa ma\u00eetrise parfaite de l&rsquo;acidit\u00e9 conf\u00e8re de la nervosit\u00e9 et de la persistance. La finale est crayeuse et aiguise l&rsquo;app\u00e9tit. Bref, une inondation de fra\u00eecheur envahit tout le palais.<br \/>\nLe Grand Cru exprime une irr\u00e9sistible sensation de puret\u00e9. Cisel\u00e9, travaill\u00e9 dans le d\u00e9tail, on per\u00e7oit de la fragilit\u00e9, de la dentelle en bouche.<\/p>\n<p>Quelle d\u00e9licatesse! La mati\u00e8re se fait oublier pour ne garder que l&rsquo;esprit et l&rsquo;\u00e9l\u00e9gance.\u00a0\u00bb<\/p>\n<p style=\"text-align: left;\">BOUTEILLE<br \/>\n100% Chardonnay<br \/>\nVendange 2016 &#8211; GRAND CRU<br \/>\nDosage : 4g\/l &#8211; Extra BRUT<\/p>\n<p style=\"text-align: left;\">Mise en bouteille : 2017<\/p>\n<hr \/>\n<p><img loading=\"lazy\" decoding=\"async\" class=\"alignnone size-medium wp-image-407\" src=\"https:\/\/champagnearnaudmoreau.com\/wp-content\/uploads\/2020\/11\/639-ARNAUDMOREAU-PHOENIX-300x200.jpeg\" alt=\"\" width=\"300\" height=\"200\" srcset=\"https:\/\/champagnearnaudmoreau.com\/wp-content\/uploads\/2020\/11\/639-ARNAUDMOREAU-PHOENIX-300x200.jpeg 300w, https:\/\/champagnearnaudmoreau.com\/wp-content\/uploads\/2020\/11\/639-ARNAUDMOREAU-PHOENIX-1024x683.jpeg 1024w, https:\/\/champagnearnaudmoreau.com\/wp-content\/uploads\/2020\/11\/639-ARNAUDMOREAU-PHOENIX-768x512.jpeg 768w, https:\/\/champagnearnaudmoreau.com\/wp-content\/uploads\/2020\/11\/639-ARNAUDMOREAU-PHOENIX.jpeg 1280w\" sizes=\"auto, (max-width: 300px) 100vw, 300px\" \/><\/p>\n<p>Cuv\u00e9e Phoenix &#8211; Blanc de Noirs &#8211; Extra Brut &#8211; 2500 Bouteilles<\/p>\n<p style=\"text-align: left;\">BOUTEILLE<br \/>\n100% Pinot Noir<br \/>\nVendange 2018 &#8211; GRAND CRU<br \/>\nDosage : 2g\/l &#8211; Extra BRUT<\/p>\n<p style=\"text-align: left;\">Mise en bouteille : 2019<\/p>\n<p style=\"text-align: left;\">\n","protected":false},"excerpt":{"rendered":"<p>\u00ab\u00a0Nez complexe, d&rsquo;une grande fra\u00eecheur aromatique, exhalant de d\u00e9licates notes de fleurs et de fruits fra\u00eechement cueillis. La bouche est une pure sensation gustative, un<a href=\"https:\/\/champagnearnaudmoreau.com\/?page_id=75\" class=\"more-link\">(more&#8230;)<\/a><\/p>\n","protected":false},"author":1,"featured_media":78,"parent":2,"menu_order":0,"comment_status":"closed","ping_status":"closed","template":"","meta":{"_exactmetrics_skip_tracking":false,"_exactmetrics_sitenote_active":false,"_exactmetrics_sitenote_note":"","_exactmetrics_sitenote_category":0,"_uf_show_specific_survey":0,"_uf_disable_surveys":false,"jetpack_post_was_ever_published":false,"footnotes":""},"class_list":["post-75","page","type-page","status-publish","has-post-thumbnail","hentry"],"aioseo_notices":[],"jetpack_sharing_enabled":true,"jetpack_shortlink":"https:\/\/wp.me\/Pa07tc-1d","_links":{"self":[{"href":"https:\/\/champagnearnaudmoreau.com\/index.php?rest_route=\/wp\/v2\/pages\/75","targetHints":{"allow":["GET"]}}],"collection":[{"href":"https:\/\/champagnearnaudmoreau.com\/index.php?rest_route=\/wp\/v2\/pages"}],"about":[{"href":"https:\/\/champagnearnaudmoreau.com\/index.php?rest_route=\/wp\/v2\/types\/page"}],"author":[{"embeddable":true,"href":"https:\/\/champagnearnaudmoreau.com\/index.php?rest_route=\/wp\/v2\/users\/1"}],"replies":[{"embeddable":true,"href":"https:\/\/champagnearnaudmoreau.com\/index.php?rest_route=%2Fwp%2Fv2%2Fcomments&post=75"}],"version-history":[{"count":7,"href":"https:\/\/champagnearnaudmoreau.com\/index.php?rest_route=\/wp\/v2\/pages\/75\/revisions"}],"predecessor-version":[{"id":409,"href":"https:\/\/champagnearnaudmoreau.com\/index.php?rest_route=\/wp\/v2\/pages\/75\/revisions\/409"}],"up":[{"embeddable":true,"href":"https:\/\/champagnearnaudmoreau.com\/index.php?rest_route=\/wp\/v2\/pages\/2"}],"wp:featuredmedia":[{"embeddable":true,"href":"https:\/\/champagnearnaudmoreau.com\/index.php?rest_route=\/wp\/v2\/media\/78"}],"wp:attachment":[{"href":"https:\/\/champagnearnaudmoreau.com\/index.php?rest_route=%2Fwp%2Fv2%2Fmedia&parent=75"}],"curies":[{"name":"wp","href":"https:\/\/api.w.org\/{rel}","templated":true}]}}