{"id":72,"date":"2018-03-28T10:32:05","date_gmt":"2018-03-28T08:32:05","guid":{"rendered":"http:\/\/champagnearnaudmoreau.com\/?page_id=72"},"modified":"2020-01-15T07:47:44","modified_gmt":"2020-01-15T06:47:44","slug":"cuvees-traditionnelles","status":"publish","type":"page","link":"https:\/\/champagnearnaudmoreau.com\/?page_id=72","title":{"rendered":"Cuv\u00e9es Traditionnelles"},"content":{"rendered":"<figure id=\"attachment_87\" aria-describedby=\"caption-attachment-87\" style=\"width: 82px\" class=\"wp-caption alignleft\"><img loading=\"lazy\" decoding=\"async\" class=\"size-medium wp-image-87\" src=\"https:\/\/champagnearnaudmoreau.com\/wp-content\/uploads\/2018\/03\/MOR_6575-82x300.jpg\" alt=\"\" width=\"82\" height=\"300\" srcset=\"https:\/\/champagnearnaudmoreau.com\/wp-content\/uploads\/2018\/03\/MOR_6575-82x300.jpg 82w, https:\/\/champagnearnaudmoreau.com\/wp-content\/uploads\/2018\/03\/MOR_6575-768x2819.jpg 768w, https:\/\/champagnearnaudmoreau.com\/wp-content\/uploads\/2018\/03\/MOR_6575-279x1024.jpg 279w, https:\/\/champagnearnaudmoreau.com\/wp-content\/uploads\/2018\/03\/MOR_6575.jpg 1218w\" sizes=\"auto, (max-width: 82px) 100vw, 82px\" \/><figcaption id=\"caption-attachment-87\" class=\"wp-caption-text\">Cuv\u00e9e Tradition<\/figcaption><\/figure>\n<p>\u00ab\u00a0Bulle fine et r\u00e9p\u00e9titive, collier de mousse riche, nez charmeur, sensations olfactives d&rsquo;opulence, ax\u00e9es sur des notes de beurre, de toast grill\u00e9 et surtout de fruits confits. En bouche l&rsquo;attaque se r\u00e9v\u00e8le gourmande, riche, s\u00e9ductrice, grasse et onctueuse. Clairement \u00e0 l&rsquo;avenant, celle-ci joue la carte de la g\u00e9n\u00e9rosit\u00e9, avec une finale agr\u00e9able, ponctu\u00e9e sur de l\u00e9g\u00e8res notes d&rsquo;agrumes. En bref, un champagne capable de s\u00e9duire un grand nombre de palais diff\u00e9rents (consensuel).\u00a0\u00bb<\/p>\n<p>BOUTEILLE &#8211; MAGNUM<br \/>\n70% Pinot Noir &#8211; 30% Chardonnay<br \/>\nGRAND CRU<br \/>\nDosage : 8g\/l &#8211; BRUT<\/p>\n<p>Mise en bouteille : 2014<\/p>\n<p>Presse<\/p>\n<hr \/>\n<figure id=\"attachment_88\" aria-describedby=\"caption-attachment-88\" style=\"width: 82px\" class=\"wp-caption alignleft\"><img loading=\"lazy\" decoding=\"async\" class=\"wp-image-88 size-medium\" src=\"https:\/\/champagnearnaudmoreau.com\/wp-content\/uploads\/2018\/03\/MOR_6577-82x300.jpg\" alt=\"\" width=\"82\" height=\"300\" srcset=\"https:\/\/champagnearnaudmoreau.com\/wp-content\/uploads\/2018\/03\/MOR_6577-82x300.jpg 82w, https:\/\/champagnearnaudmoreau.com\/wp-content\/uploads\/2018\/03\/MOR_6577-768x2820.jpg 768w, https:\/\/champagnearnaudmoreau.com\/wp-content\/uploads\/2018\/03\/MOR_6577-279x1024.jpg 279w, https:\/\/champagnearnaudmoreau.com\/wp-content\/uploads\/2018\/03\/MOR_6577.jpg 1220w\" sizes=\"auto, (max-width: 82px) 100vw, 82px\" \/><figcaption id=\"caption-attachment-88\" class=\"wp-caption-text\">Cuv\u00e9e R\u00e9serve<\/figcaption><\/figure>\n<p>\u00ab\u00a0Les bulles se r\u00e9v\u00e8lent \u00e0 la fois remarquablement d\u00e9licates et un peu moins g\u00e9n\u00e9reuses que la cuv\u00e9e Tradition. Le nez est brioch\u00e9, miell\u00e9, app\u00e9tissant et particuli\u00e8rement attractif. La bouche est d&rsquo;un franc panache aromatique, vineuse \u00e0 souhait. Il y a un c\u00f4t\u00e9 chair de fruits rouges en bouche, pulpeux. La finale d\u00e9gage des notes acidul\u00e9es qui tapissent le palais et affirment la longueur du vin. Un pur champagne de repas offrant une sensation de pl\u00e9nitude et de maturit\u00e9!\u00a0\u00bb<\/p>\n<p>BOUTEILLE<br \/>\n70% Pinot Noir &#8211; 30% Chardonnay<br \/>\nGRAND CRU<br \/>\nDosage : 8g\/l &#8211; BRUT<\/p>\n<p>Mise en bouteille : 2010<\/p>\n<p>Presse<\/p>\n<hr \/>\n<figure id=\"attachment_89\" aria-describedby=\"caption-attachment-89\" style=\"width: 82px\" class=\"wp-caption alignleft\"><img loading=\"lazy\" decoding=\"async\" class=\"size-medium wp-image-89\" src=\"https:\/\/champagnearnaudmoreau.com\/wp-content\/uploads\/2018\/03\/MOR_6581-82x300.jpg\" alt=\"\" width=\"82\" height=\"300\" srcset=\"https:\/\/champagnearnaudmoreau.com\/wp-content\/uploads\/2018\/03\/MOR_6581-82x300.jpg 82w, https:\/\/champagnearnaudmoreau.com\/wp-content\/uploads\/2018\/03\/MOR_6581-279x1024.jpg 279w, https:\/\/champagnearnaudmoreau.com\/wp-content\/uploads\/2018\/03\/MOR_6581.jpg 1219w\" sizes=\"auto, (max-width: 82px) 100vw, 82px\" \/><figcaption id=\"caption-attachment-89\" class=\"wp-caption-text\">Cuv\u00e9e Ros\u00e9<\/figcaption><\/figure>\n<p>\u00ab\u00a0Les bulles pr\u00e9sentent une jolie finesse. Le nez est discret. Le d\u00e9but de bouche est imm\u00e9diatement friand et fait penser \u00e0 un panier de fruits rouges. La bouche se r\u00e9v\u00e8le bien plus expressive que le nez, elle est remplie de riches saveurs. Ce c\u00f4t\u00e9 friand est un r\u00e9gal pour ceux qui ont la dent l\u00e9g\u00e8rement sucr\u00e9e. Le jus est plein et m\u00fbr, mais jamais exub\u00e9rant. Tr\u00e8s l\u00e9g\u00e8re acidit\u00e9 sur la finale offrant la fra\u00eecheur n\u00e9cessaire \u00e0 l&rsquo;\u00e9quilibre.\u00a0\u00bb<\/p>\n<p>BOUTEILLE &#8211; MAGNUM<br \/>\n70% Pinot Noir &#8211; 30% Chardonnay<br \/>\nRos\u00e9 d&rsquo;assemblage (10% de Bouzy Rouge)<br \/>\nGRAND CRU<\/p>\n<p>Dosage : 9g\/l &#8211; BRUT<\/p>\n<p style=\"padding-left: 90px;\">\u00a0Mise en bouteille : 2014<\/p>\n<p>Presse<\/p>\n","protected":false},"excerpt":{"rendered":"<p>\u00ab\u00a0Bulle fine et r\u00e9p\u00e9titive, collier de mousse riche, nez charmeur, sensations olfactives d&rsquo;opulence, ax\u00e9es sur des notes de beurre, de toast grill\u00e9 et surtout de<a href=\"https:\/\/champagnearnaudmoreau.com\/?page_id=72\" class=\"more-link\">(more&#8230;)<\/a><\/p>\n","protected":false},"author":1,"featured_media":54,"parent":2,"menu_order":0,"comment_status":"closed","ping_status":"closed","template":"","meta":{"_exactmetrics_skip_tracking":false,"_exactmetrics_sitenote_active":false,"_exactmetrics_sitenote_note":"","_exactmetrics_sitenote_category":0,"_uf_show_specific_survey":0,"_uf_disable_surveys":false,"jetpack_post_was_ever_published":false,"footnotes":""},"class_list":["post-72","page","type-page","status-publish","has-post-thumbnail","hentry"],"aioseo_notices":[],"jetpack_sharing_enabled":true,"jetpack_shortlink":"https:\/\/wp.me\/Pa07tc-1a","_links":{"self":[{"href":"https:\/\/champagnearnaudmoreau.com\/index.php?rest_route=\/wp\/v2\/pages\/72","targetHints":{"allow":["GET"]}}],"collection":[{"href":"https:\/\/champagnearnaudmoreau.com\/index.php?rest_route=\/wp\/v2\/pages"}],"about":[{"href":"https:\/\/champagnearnaudmoreau.com\/index.php?rest_route=\/wp\/v2\/types\/page"}],"author":[{"embeddable":true,"href":"https:\/\/champagnearnaudmoreau.com\/index.php?rest_route=\/wp\/v2\/users\/1"}],"replies":[{"embeddable":true,"href":"https:\/\/champagnearnaudmoreau.com\/index.php?rest_route=%2Fwp%2Fv2%2Fcomments&post=72"}],"version-history":[{"count":6,"href":"https:\/\/champagnearnaudmoreau.com\/index.php?rest_route=\/wp\/v2\/pages\/72\/revisions"}],"predecessor-version":[{"id":366,"href":"https:\/\/champagnearnaudmoreau.com\/index.php?rest_route=\/wp\/v2\/pages\/72\/revisions\/366"}],"up":[{"embeddable":true,"href":"https:\/\/champagnearnaudmoreau.com\/index.php?rest_route=\/wp\/v2\/pages\/2"}],"wp:featuredmedia":[{"embeddable":true,"href":"https:\/\/champagnearnaudmoreau.com\/index.php?rest_route=\/wp\/v2\/media\/54"}],"wp:attachment":[{"href":"https:\/\/champagnearnaudmoreau.com\/index.php?rest_route=%2Fwp%2Fv2%2Fmedia&parent=72"}],"curies":[{"name":"wp","href":"https:\/\/api.w.org\/{rel}","templated":true}]}}