{"id":2,"date":"2018-03-27T14:45:15","date_gmt":"2018-03-27T12:45:15","guid":{"rendered":"http:\/\/champagnearnaudmoreau.com\/?page_id=2"},"modified":"2019-04-02T17:12:27","modified_gmt":"2019-04-02T15:12:27","slug":"page-d-exemple","status":"publish","type":"page","link":"https:\/\/champagnearnaudmoreau.com\/?page_id=2","title":{"rendered":"Nos Champagnes"},"content":{"rendered":"<figure id=\"attachment_54\" aria-describedby=\"caption-attachment-54\" style=\"width: 300px\" class=\"wp-caption aligncenter\"><img loading=\"lazy\" decoding=\"async\" class=\"size-medium wp-image-54\" src=\"https:\/\/champagnearnaudmoreau.com\/wp-content\/uploads\/2018\/03\/COLLECTION-ARNAUDMOREAU-CAVE-300x246.jpeg\" alt=\"\" width=\"300\" height=\"246\" \/><figcaption id=\"caption-attachment-54\" class=\"wp-caption-text\">Gamme Traditionnelle<\/figcaption><\/figure>\n<p><em><strong>Une exp\u00e9rience unique et inoubliable<\/strong><\/em><br \/>Le Champagne doit \u00eatre tenu couch\u00e9 dans un endroit frais, \u00e0 l\u2019abri de la lumi\u00e8re. La conservation de l&rsquo;effervescence d\u00e9pend en effet de cette position constante des bouteilles. Nous employons des bouchons de li\u00e8ge 1er Choix et apr\u00e8s un certain temps de bouchage, ils ne reprennent plus leurs formes initiales : ceci ne nuit pas \u00e0 la qualit\u00e9 du Champagne.<\/p>\n<p>Servez le champagne frais, mais non glac\u00e9. La temp\u00e9rature id\u00e9ale est de 6\u00b0 \u00e0 8\u00b0. Evitez le s\u00e9jour prolong\u00e9 dans le r\u00e9frig\u00e9rateur, ce qui casserait le Vin. Pr\u00e9f\u00e9rez-lui le seau \u00e0 demi rempli de glace et d\u2019eau.<\/p>\n<p><strong>D\u00e9couvrez nos <\/strong><span style=\"color: #0000ff;\"><a style=\"color: #0000ff;\" href=\"https:\/\/champagnearnaudmoreau.com\/index.php\/page-d-exemple\/cuvees-traditionnelles\/\">Cuv\u00e9es Traditionnelles <\/a><\/span>ou <span style=\"color: #0000ff;\"><a style=\"color: #0000ff;\" href=\"https:\/\/champagnearnaudmoreau.com\/index.php\/page-d-exemple\/cuvees-prestiges\/\">Prestiges<\/a><\/span><\/p>\n\n\n<hr class=\"wp-block-separator\"\/>\n\n\n\n<div class=\"wp-block-image\"><figure class=\"aligncenter\"><a href=\"http:\/\/www.sommeliers-international.com\/fr\/Degustations\/Fiches-De-Degustation.aspx?field_ref_appellation_tid=All&amp;field_ref_millesime_tid=All&amp;field_ref_type_vin_tid=All&amp;field_ref_region_tid=All&amp;title=arnaud+moreau&amp;field_text_1_value=arnaud+moreau&amp;field_html_1_value=arnaud+moreau&amp;field_text_14_value=\" target=\"_blank\" rel=\"noreferrer noopener\"><img loading=\"lazy\" decoding=\"async\" width=\"395\" height=\"92\" src=\"https:\/\/champagnearnaudmoreau.com\/wp-content\/uploads\/2019\/04\/logoSI-1.jpg\" alt=\"D\u00e9couvrez les notes de d\u00e9gustation du Magazine professionnel.\" class=\"wp-image-331\" srcset=\"https:\/\/champagnearnaudmoreau.com\/wp-content\/uploads\/2019\/04\/logoSI-1.jpg 395w, https:\/\/champagnearnaudmoreau.com\/wp-content\/uploads\/2019\/04\/logoSI-1-300x70.jpg 300w\" sizes=\"auto, (max-width: 395px) 100vw, 395px\" \/><\/a><figcaption>D\u00e9couvrez les notes de d\u00e9gustation du Magazine professionnel.<\/figcaption><\/figure><\/div>\n","protected":false},"excerpt":{"rendered":"<p>Une exp\u00e9rience unique et inoubliableLe Champagne doit \u00eatre tenu couch\u00e9 dans un endroit frais, \u00e0 l\u2019abri de la lumi\u00e8re. La conservation de l&rsquo;effervescence d\u00e9pend en<a href=\"https:\/\/champagnearnaudmoreau.com\/?page_id=2\" class=\"more-link\">(more&#8230;)<\/a><\/p>\n","protected":false},"author":1,"featured_media":0,"parent":0,"menu_order":0,"comment_status":"closed","ping_status":"open","template":"","meta":{"_exactmetrics_skip_tracking":false,"_exactmetrics_sitenote_active":false,"_exactmetrics_sitenote_note":"","_exactmetrics_sitenote_category":0,"_uf_show_specific_survey":0,"_uf_disable_surveys":false,"jetpack_post_was_ever_published":false,"footnotes":""},"class_list":["post-2","page","type-page","status-publish","hentry"],"aioseo_notices":[],"jetpack_sharing_enabled":true,"jetpack_shortlink":"https:\/\/wp.me\/Pa07tc-2","_links":{"self":[{"href":"https:\/\/champagnearnaudmoreau.com\/index.php?rest_route=\/wp\/v2\/pages\/2","targetHints":{"allow":["GET"]}}],"collection":[{"href":"https:\/\/champagnearnaudmoreau.com\/index.php?rest_route=\/wp\/v2\/pages"}],"about":[{"href":"https:\/\/champagnearnaudmoreau.com\/index.php?rest_route=\/wp\/v2\/types\/page"}],"author":[{"embeddable":true,"href":"https:\/\/champagnearnaudmoreau.com\/index.php?rest_route=\/wp\/v2\/users\/1"}],"replies":[{"embeddable":true,"href":"https:\/\/champagnearnaudmoreau.com\/index.php?rest_route=%2Fwp%2Fv2%2Fcomments&post=2"}],"version-history":[{"count":7,"href":"https:\/\/champagnearnaudmoreau.com\/index.php?rest_route=\/wp\/v2\/pages\/2\/revisions"}],"predecessor-version":[{"id":338,"href":"https:\/\/champagnearnaudmoreau.com\/index.php?rest_route=\/wp\/v2\/pages\/2\/revisions\/338"}],"wp:attachment":[{"href":"https:\/\/champagnearnaudmoreau.com\/index.php?rest_route=%2Fwp%2Fv2%2Fmedia&parent=2"}],"curies":[{"name":"wp","href":"https:\/\/api.w.org\/{rel}","templated":true}]}}