{"id":146,"date":"2018-06-16T17:06:28","date_gmt":"2018-06-16T15:06:28","guid":{"rendered":"http:\/\/champagnearnaudmoreau.com\/?page_id=146"},"modified":"2018-11-03T10:35:27","modified_gmt":"2018-11-03T09:35:27","slug":"bienvenue-a-bouzy","status":"publish","type":"page","link":"https:\/\/champagnearnaudmoreau.com\/","title":{"rendered":"Bienvenue \u00e0 Bouzy"},"content":{"rendered":"<p>R\u00e9put\u00e9 pour ses pinots noirs, Bouzy est l&rsquo;un des 17 villlages champenois class\u00e9s Grand Cru. D\u00e9couvrez les caract\u00e9ristiques de notre terroir \u00e0 travers une d\u00e9gustation de nos Champagnes Grand Cru.<\/p>\n","protected":false},"excerpt":{"rendered":"<p>R\u00e9put\u00e9 pour ses pinots noirs, Bouzy est l&rsquo;un des 17 villlages champenois class\u00e9s Grand Cru. D\u00e9couvrez les caract\u00e9ristiques de notre terroir \u00e0 travers une d\u00e9gustation<a href=\"https:\/\/champagnearnaudmoreau.com\/\" class=\"more-link\">(more&#8230;)<\/a><\/p>\n","protected":false},"author":1,"featured_media":109,"parent":0,"menu_order":0,"comment_status":"closed","ping_status":"closed","template":"","meta":{"_exactmetrics_skip_tracking":false,"_exactmetrics_sitenote_active":false,"_exactmetrics_sitenote_note":"","_exactmetrics_sitenote_category":0,"_uf_show_specific_survey":0,"_uf_disable_surveys":false,"jetpack_post_was_ever_published":false,"footnotes":""},"class_list":["post-146","page","type-page","status-publish","has-post-thumbnail","hentry"],"aioseo_notices":[],"jetpack_sharing_enabled":true,"jetpack_shortlink":"https:\/\/wp.me\/Pa07tc-2m","_links":{"self":[{"href":"https:\/\/champagnearnaudmoreau.com\/index.php?rest_route=\/wp\/v2\/pages\/146","targetHints":{"allow":["GET"]}}],"collection":[{"href":"https:\/\/champagnearnaudmoreau.com\/index.php?rest_route=\/wp\/v2\/pages"}],"about":[{"href":"https:\/\/champagnearnaudmoreau.com\/index.php?rest_route=\/wp\/v2\/types\/page"}],"author":[{"embeddable":true,"href":"https:\/\/champagnearnaudmoreau.com\/index.php?rest_route=\/wp\/v2\/users\/1"}],"replies":[{"embeddable":true,"href":"https:\/\/champagnearnaudmoreau.com\/index.php?rest_route=%2Fwp%2Fv2%2Fcomments&post=146"}],"version-history":[{"count":3,"href":"https:\/\/champagnearnaudmoreau.com\/index.php?rest_route=\/wp\/v2\/pages\/146\/revisions"}],"predecessor-version":[{"id":266,"href":"https:\/\/champagnearnaudmoreau.com\/index.php?rest_route=\/wp\/v2\/pages\/146\/revisions\/266"}],"wp:featuredmedia":[{"embeddable":true,"href":"https:\/\/champagnearnaudmoreau.com\/index.php?rest_route=\/wp\/v2\/media\/109"}],"wp:attachment":[{"href":"https:\/\/champagnearnaudmoreau.com\/index.php?rest_route=%2Fwp%2Fv2%2Fmedia&parent=146"}],"curies":[{"name":"wp","href":"https:\/\/api.w.org\/{rel}","templated":true}]}}